{"id":15,"date":"2020-08-26T13:56:41","date_gmt":"2020-08-26T11:56:41","guid":{"rendered":"https:\/\/www.complot-werbeteam.de\/content\/?page_id=15"},"modified":"2020-09-05T00:35:45","modified_gmt":"2020-09-04T22:35:45","slug":"willkommen","status":"publish","type":"page","link":"https:\/\/www.complot-werbeteam.de\/content\/","title":{"rendered":"Willkommen"},"content":{"rendered":"<p>[et_pb_section fb_built=&#8220;1&#8243; _builder_version=&#8220;4.6.0&#8243; _module_preset=&#8220;default&#8220; background_color=&#8220;#6298c1&#8243; background_image=&#8220;https:\/\/www.complot-werbeteam.de\/content\/wp-content\/uploads\/2020\/08\/UN-markus-spiske-HCIy15Z3GSU-B1920xH960-CloseUp.jpg&#8220; background_blend=&#8220;multiply&#8220;][et_pb_row _builder_version=&#8220;4.5.8&#8243; _module_preset=&#8220;default&#8220;][et_pb_column type=&#8220;4_4&#8243; _builder_version=&#8220;4.5.8&#8243; _module_preset=&#8220;default&#8220;][et_pb_text admin_label=&#8220;Bild-Headline&#8220; _builder_version=&#8220;4.6.0&#8243; _module_preset=&#8220;default&#8220; text_font=&#8220;||||||||&#8220; header_font=&#8220;|800|||||||&#8220; header_text_color=&#8220;#ffcc00&#8243; header_font_size=&#8220;3em&#8220; header_line_height=&#8220;1.5em&#8220; background_layout=&#8220;dark&#8220; custom_margin=&#8220;80px||80px||false|false&#8220; custom_margin_tablet=&#8220;50px||50px||false|false&#8220; custom_margin_phone=&#8220;20px||20px||false|false&#8220; custom_margin_last_edited=&#8220;on|phone&#8220; header_font_size_tablet=&#8220;2.5em&#8220; header_font_size_phone=&#8220;2.5em&#8220; header_font_size_last_edited=&#8220;on|desktop&#8220; header_text_shadow_style=&#8220;preset3&#8243; header_text_shadow_horizontal_length=&#8220;0.1em&#8220; header_text_shadow_vertical_length=&#8220;0.1em&#8220; header_text_shadow_blur_strength=&#8220;0.5em&#8220; header_text_shadow_color=&#8220;rgba(0,0,0,0.8)&#8220;]<\/p>\n<h1 style=\"text-align: center;\">COMPLOT WERBETEAM<\/h1>\n<h1 style=\"text-align: center;\">&#8230; beschriftet \u2013 druckt \u2013 gestaltet.<\/h1>\n<p>[\/et_pb_text][\/et_pb_column][\/et_pb_row][\/et_pb_section][et_pb_section fb_built=&#8220;1&#8243; _builder_version=&#8220;4.5.8&#8243; _module_preset=&#8220;default&#8220;][et_pb_row column_structure=&#8220;1_2,1_2&#8243; _builder_version=&#8220;4.6.0&#8243; _module_preset=&#8220;default&#8220;][et_pb_column type=&#8220;1_2&#8243; _builder_version=&#8220;4.5.8&#8243; _module_preset=&#8220;default&#8220;][et_pb_text _builder_version=&#8220;4.6.0&#8243; _module_preset=&#8220;default&#8220;]<\/p>\n<p><strong>Complot Werbeteam: Ihr Spezialist rund um das Thema Werbetechnik.<br \/><\/strong><\/p>\n<p>Sie m\u00f6chten Ihr Unternehmen ins richtige Licht r\u00fccken, ein Event oder den Messestand ausstatten, Ihr neues Produkt bewerben oder einfach nur \u00fcber die \u00d6ffnungszeiten Ihrer Praxis informieren?<br \/>Bei uns sind Sie genau richtig! Wir beraten und unterst\u00fctzen Sie bei der Umsetzung Ihrer Werbema\u00dfnahmen.<\/p>\n<p>[\/et_pb_text][\/et_pb_column][et_pb_column type=&#8220;1_2&#8243; _builder_version=&#8220;4.5.8&#8243; _module_preset=&#8220;default&#8220;][et_pb_text _builder_version=&#8220;4.6.0&#8243; _module_preset=&#8220;default&#8220;]<\/p>\n<p><strong>Unser professionelles Werbeteam<br \/><\/strong><\/p>\n<ul>\n<li>gestaltet und realisiert Ihre Werbeschilder- und Banner.<\/li>\n<li>fertigt Displays und Hinweistafeln f\u00fcr Innen und Au\u00dfen.<\/li>\n<li>konzipiert Werbeanlagen und Orientierungssysteme.<\/li>\n<li>beschriftet Fahrzeuge, Schaufenster, Fassaden und Messest\u00e4nde.<\/li>\n<li>erstellt Folien und Plakate, Aufkleber und Etiketten.<\/li>\n<\/ul>\n<p><strong>Sie haben Ideen, wir wissen Sie umzusetzen!<\/strong><\/p>\n<p>[\/et_pb_text][\/et_pb_column][\/et_pb_row][\/et_pb_section][et_pb_section fb_built=&#8220;1&#8243; _builder_version=&#8220;4.6.0&#8243; _module_preset=&#8220;default&#8220; custom_margin=&#8220;0px|0px|0px|0px|false|false&#8220; custom_padding=&#8220;0px|0px|0px|0px|false|false&#8220;][et_pb_row column_structure=&#8220;1_6,1_6,1_6,1_6,1_6,1_6&#8243; use_custom_gutter=&#8220;on&#8220; gutter_width=&#8220;1&#8243; make_equal=&#8220;on&#8220; module_class=&#8220;pac_drh_tab_col_three pac_drh_phone_col_three&#8220; _builder_version=&#8220;4.6.0&#8243; _module_preset=&#8220;default&#8220; width=&#8220;100%&#8220; max_width=&#8220;100%&#8220; custom_margin=&#8220;0px|0px|0px|0px|false|false&#8220; custom_padding=&#8220;0px|0px|0px|0px|false|false&#8220; pac_drh_column_numbers_tablet=&#8220;pac_drh_tab_col_three&#8220; pac_drh_column_numbers_phone=&#8220;pac_drh_phone_col_three&#8220;][et_pb_column type=&#8220;1_6&#8243; _builder_version=&#8220;4.6.0&#8243; _module_preset=&#8220;default&#8220;][et_pb_image src=&#8220;https:\/\/www.complot-werbeteam.de\/content\/wp-content\/uploads\/2020\/09\/Complot-B800xH800-HomeFeatured-SV-Kirchzarten.jpg&#8220; title_text=&#8220;Complot-B800xH800-HomeFeatured-SV-Kirchzarten&#8220; show_in_lightbox=&#8220;on&#8220; _builder_version=&#8220;4.6.0&#8243; _module_preset=&#8220;default&#8220; hover_enabled=&#8220;0&#8243; filter_sepia_last_edited=&#8220;off|desktop&#8220; border_width_all=&#8220;2px&#8220; border_color_all=&#8220;#ffffff&#8220; filter_sepia__hover_enabled=&#8220;off|hover&#8220; filter_sepia__hover=&#8220;0%&#8220; filter_brightness__hover_enabled=&#8220;off|desktop&#8220; filter_brightness__hover=&#8220;100%&#8220; filter_saturate__hover_enabled=&#8220;off|desktop&#8220; transform_styles__hover_enabled=&#8220;off|hover&#8220; transform_scale__hover_enabled=&#8220;off|hover&#8220; transform_translate__hover_enabled=&#8220;off|hover&#8220; transform_rotate__hover_enabled=&#8220;off|hover&#8220; transform_skew__hover_enabled=&#8220;off|hover&#8220; transform_origin__hover_enabled=&#8220;off|hover&#8220; sticky_enabled=&#8220;0&#8243; filter_contrast_last_edited=&#8220;off|desktop&#8220; filter_contrast__hover_enabled=&#8220;off|desktop&#8220; filter_contrast__hover=&#8220;100%&#8220; filter_opacity_last_edited=&#8220;off|desktop&#8220; filter_opacity__hover_enabled=&#8220;on|hover&#8220; filter_opacity=&#8220;40%&#8220; filter_blur=&#8220;1px&#8220; filter_opacity__hover=&#8220;100%&#8220; filter_blur__hover_enabled=&#8220;on|desktop&#8220; filter_blur__hover=&#8220;0px&#8220;][\/et_pb_image][\/et_pb_column][et_pb_column type=&#8220;1_6&#8243; _builder_version=&#8220;4.6.0&#8243; _module_preset=&#8220;default&#8220;][et_pb_image src=&#8220;https:\/\/www.complot-werbeteam.de\/content\/wp-content\/uploads\/2020\/09\/Complot-B800xH800-HomeFeatured-SWFR.jpg&#8220; title_text=&#8220;Complot-B800xH800-HomeFeatured-SWFR&#8220; show_in_lightbox=&#8220;on&#8220; _builder_version=&#8220;4.6.0&#8243; _module_preset=&#8220;default&#8220; border_width_all=&#8220;2px&#8220; border_color_all=&#8220;#ffffff&#8220; filter_sepia__hover=&#8220;0%&#8220; filter_sepia__hover_enabled=&#8220;on|desktop&#8220; filter_brightness__hover=&#8220;100%&#8220; filter_brightness__hover_enabled=&#8220;on|desktop&#8220; filter_saturate__hover_enabled=&#8220;on|desktop&#8220; filter_opacity=&#8220;40%&#8220; filter_opacity__hover=&#8220;100%&#8220; filter_opacity__hover_enabled=&#8220;on|hover&#8220; filter_blur=&#8220;1px&#8220; filter_blur__hover=&#8220;0px&#8220; filter_blur__hover_enabled=&#8220;on|desktop&#8220; transform_scale__hover_enabled=&#8220;off|hover&#8220; transform_translate__hover_enabled=&#8220;off|hover&#8220; transform_rotate__hover_enabled=&#8220;off|hover&#8220; transform_skew__hover_enabled=&#8220;off|hover&#8220; transform_origin__hover_enabled=&#8220;off|hover&#8220;][\/et_pb_image][\/et_pb_column][et_pb_column type=&#8220;1_6&#8243; _builder_version=&#8220;4.6.0&#8243; _module_preset=&#8220;default&#8220;][et_pb_image src=&#8220;https:\/\/www.complot-werbeteam.de\/content\/wp-content\/uploads\/2020\/09\/Complot-B800xH800-HomeFeatured-Halle-Dold.jpg&#8220; title_text=&#8220;Complot-B800xH800-HomeFeatured-Halle-Dold&#8220; show_in_lightbox=&#8220;on&#8220; _builder_version=&#8220;4.6.0&#8243; _module_preset=&#8220;default&#8220; border_width_all=&#8220;2px&#8220; border_color_all=&#8220;#ffffff&#8220; filter_sepia__hover=&#8220;0%&#8220; filter_sepia__hover_enabled=&#8220;on|desktop&#8220; filter_brightness__hover=&#8220;100%&#8220; filter_brightness__hover_enabled=&#8220;on|desktop&#8220; filter_saturate__hover_enabled=&#8220;on|desktop&#8220; filter_opacity=&#8220;40%&#8220; filter_opacity__hover=&#8220;100%&#8220; filter_opacity__hover_enabled=&#8220;on|hover&#8220; filter_blur=&#8220;1px&#8220; filter_blur__hover=&#8220;0px&#8220; filter_blur__hover_enabled=&#8220;on|desktop&#8220; transform_scale__hover_enabled=&#8220;off|hover&#8220; transform_translate__hover_enabled=&#8220;off|hover&#8220; transform_rotate__hover_enabled=&#8220;off|hover&#8220; transform_skew__hover_enabled=&#8220;off|hover&#8220; transform_origin__hover_enabled=&#8220;off|hover&#8220;][\/et_pb_image][\/et_pb_column][et_pb_column type=&#8220;1_6&#8243; _builder_version=&#8220;4.6.0&#8243; _module_preset=&#8220;default&#8220;][et_pb_image src=&#8220;https:\/\/www.complot-werbeteam.de\/content\/wp-content\/uploads\/2020\/09\/Complot-B800xH800-HomeFeatured-Smart-Biene.jpg&#8220; title_text=&#8220;Complot-B800xH800-HomeFeatured-Smart-Biene&#8220; show_in_lightbox=&#8220;on&#8220; _builder_version=&#8220;4.6.0&#8243; _module_preset=&#8220;default&#8220; border_width_all=&#8220;2px&#8220; border_color_all=&#8220;#ffffff&#8220; filter_sepia__hover=&#8220;0%&#8220; filter_sepia__hover_enabled=&#8220;on|desktop&#8220; filter_brightness__hover=&#8220;100%&#8220; filter_brightness__hover_enabled=&#8220;on|desktop&#8220; filter_saturate__hover_enabled=&#8220;on|desktop&#8220; filter_opacity=&#8220;40%&#8220; filter_opacity__hover=&#8220;100%&#8220; filter_opacity__hover_enabled=&#8220;on|hover&#8220; filter_blur=&#8220;1px&#8220; filter_blur__hover=&#8220;0px&#8220; filter_blur__hover_enabled=&#8220;on|desktop&#8220; transform_scale__hover_enabled=&#8220;off|hover&#8220; transform_translate__hover_enabled=&#8220;off|hover&#8220; transform_rotate__hover_enabled=&#8220;off|hover&#8220; transform_skew__hover_enabled=&#8220;off|hover&#8220; transform_origin__hover_enabled=&#8220;off|hover&#8220;][\/et_pb_image][\/et_pb_column][et_pb_column type=&#8220;1_6&#8243; _builder_version=&#8220;4.6.0&#8243; _module_preset=&#8220;default&#8220;][et_pb_image src=&#8220;https:\/\/www.complot-werbeteam.de\/content\/wp-content\/uploads\/2020\/09\/Complot-B800xH800-HomeFeatured-Bauplane-Steinhauser.jpg&#8220; title_text=&#8220;Complot-B800xH800-HomeFeatured-Bauplane-Steinhauser&#8220; show_in_lightbox=&#8220;on&#8220; admin_label=&#8220;Bild&#8220; _builder_version=&#8220;4.6.0&#8243; _module_preset=&#8220;default&#8220; border_width_all=&#8220;2px&#8220; border_color_all=&#8220;#ffffff&#8220; filter_sepia__hover=&#8220;0%&#8220; filter_sepia__hover_enabled=&#8220;on|desktop&#8220; filter_brightness__hover=&#8220;100%&#8220; filter_brightness__hover_enabled=&#8220;on|desktop&#8220; filter_saturate__hover_enabled=&#8220;on|desktop&#8220; filter_opacity=&#8220;40%&#8220; filter_opacity__hover=&#8220;100%&#8220; filter_opacity__hover_enabled=&#8220;on|hover&#8220; filter_blur=&#8220;1px&#8220; filter_blur__hover=&#8220;0px&#8220; filter_blur__hover_enabled=&#8220;on|desktop&#8220; transform_scale__hover_enabled=&#8220;off|hover&#8220; transform_translate__hover_enabled=&#8220;off|hover&#8220; transform_rotate__hover_enabled=&#8220;off|hover&#8220; transform_skew__hover_enabled=&#8220;off|hover&#8220; transform_origin__hover_enabled=&#8220;off|hover&#8220;][\/et_pb_image][\/et_pb_column][et_pb_column type=&#8220;1_6&#8243; _builder_version=&#8220;4.6.0&#8243; _module_preset=&#8220;default&#8220;][et_pb_image src=&#8220;https:\/\/www.complot-werbeteam.de\/content\/wp-content\/uploads\/2020\/09\/Complot-B800xH800-HomeFeatured-VAG-Sparkasse.jpg&#8220; title_text=&#8220;Complot-B800xH800-HomeFeatured-VAG-Sparkasse&#8220; show_in_lightbox=&#8220;on&#8220; admin_label=&#8220;Bild&#8220; _builder_version=&#8220;4.6.0&#8243; _module_preset=&#8220;default&#8220; border_width_all=&#8220;2px&#8220; border_color_all=&#8220;#ffffff&#8220; filter_sepia__hover=&#8220;0%&#8220; filter_sepia__hover_enabled=&#8220;on|desktop&#8220; filter_brightness__hover=&#8220;100%&#8220; filter_brightness__hover_enabled=&#8220;on|desktop&#8220; filter_saturate__hover_enabled=&#8220;on|desktop&#8220; filter_opacity=&#8220;40%&#8220; filter_opacity__hover=&#8220;100%&#8220; filter_opacity__hover_enabled=&#8220;on|hover&#8220; filter_blur=&#8220;1px&#8220; filter_blur__hover=&#8220;0px&#8220; filter_blur__hover_enabled=&#8220;on|desktop&#8220; transform_scale__hover_enabled=&#8220;off|hover&#8220; transform_translate__hover_enabled=&#8220;off|hover&#8220; transform_rotate__hover_enabled=&#8220;off|hover&#8220; transform_skew__hover_enabled=&#8220;off|hover&#8220; transform_origin__hover_enabled=&#8220;off|hover&#8220;][\/et_pb_image][\/et_pb_column][\/et_pb_row][et_pb_row column_structure=&#8220;1_6,1_6,1_6,1_6,1_6,1_6&#8243; use_custom_gutter=&#8220;on&#8220; gutter_width=&#8220;1&#8243; make_equal=&#8220;on&#8220; module_class=&#8220;pac_drh_tab_col_three pac_drh_phone_col_three&#8220; _builder_version=&#8220;4.6.0&#8243; _module_preset=&#8220;default&#8220; width=&#8220;100%&#8220; max_width=&#8220;100%&#8220; custom_margin=&#8220;0px|0px|0px|0px|false|false&#8220; custom_padding=&#8220;0px|0px|0px|0px|false|false&#8220; pac_drh_column_numbers_tablet=&#8220;pac_drh_tab_col_three&#8220; pac_drh_column_numbers_phone=&#8220;pac_drh_phone_col_three&#8220;][et_pb_column type=&#8220;1_6&#8243; _builder_version=&#8220;4.6.0&#8243; _module_preset=&#8220;default&#8220;][et_pb_image src=&#8220;https:\/\/www.complot-werbeteam.de\/content\/wp-content\/uploads\/2020\/09\/Complot-B800xH800-HomeFeatured-Fassade-Lechler.jpg&#8220; title_text=&#8220;Complot-B800xH800-HomeFeatured-Fassade-Lechler&#8220; show_in_lightbox=&#8220;on&#8220; _builder_version=&#8220;4.6.0&#8243; _module_preset=&#8220;default&#8220; border_width_all=&#8220;2px&#8220; border_color_all=&#8220;#ffffff&#8220; filter_sepia__hover=&#8220;0%&#8220; filter_sepia__hover_enabled=&#8220;on|desktop&#8220; filter_brightness__hover=&#8220;100%&#8220; filter_brightness__hover_enabled=&#8220;on|desktop&#8220; filter_saturate__hover_enabled=&#8220;on|desktop&#8220; filter_opacity=&#8220;40%&#8220; filter_opacity__hover=&#8220;100%&#8220; filter_opacity__hover_enabled=&#8220;on|hover&#8220; filter_blur=&#8220;1px&#8220; filter_blur__hover=&#8220;0px&#8220; filter_blur__hover_enabled=&#8220;on|desktop&#8220; transform_scale__hover_enabled=&#8220;off|hover&#8220; transform_translate__hover_enabled=&#8220;off|hover&#8220; transform_rotate__hover_enabled=&#8220;off|hover&#8220; transform_skew__hover_enabled=&#8220;off|hover&#8220; transform_origin__hover_enabled=&#8220;off|hover&#8220;][\/et_pb_image][\/et_pb_column][et_pb_column type=&#8220;1_6&#8243; _builder_version=&#8220;4.6.0&#8243; _module_preset=&#8220;default&#8220;][et_pb_image src=&#8220;https:\/\/www.complot-werbeteam.de\/content\/wp-content\/uploads\/2020\/09\/Complot-B800xH800-HomeFeatured-Anhaenger-Schneider.jpg&#8220; title_text=&#8220;Complot-B800xH800-HomeFeatured-Anhaenger-Schneider&#8220; show_in_lightbox=&#8220;on&#8220; admin_label=&#8220;Bild&#8220; _builder_version=&#8220;4.6.0&#8243; _module_preset=&#8220;default&#8220; border_width_all=&#8220;2px&#8220; border_color_all=&#8220;#ffffff&#8220; filter_sepia__hover=&#8220;0%&#8220; filter_sepia__hover_enabled=&#8220;on|desktop&#8220; filter_brightness__hover=&#8220;100%&#8220; filter_brightness__hover_enabled=&#8220;on|desktop&#8220; filter_saturate__hover_enabled=&#8220;on|desktop&#8220; filter_opacity=&#8220;40%&#8220; filter_opacity__hover=&#8220;100%&#8220; filter_opacity__hover_enabled=&#8220;on|hover&#8220; filter_blur=&#8220;1px&#8220; filter_blur__hover=&#8220;0px&#8220; filter_blur__hover_enabled=&#8220;on|desktop&#8220; transform_scale__hover_enabled=&#8220;off|hover&#8220; transform_translate__hover_enabled=&#8220;off|hover&#8220; transform_rotate__hover_enabled=&#8220;off|hover&#8220; transform_skew__hover_enabled=&#8220;off|hover&#8220; transform_origin__hover_enabled=&#8220;off|hover&#8220;][\/et_pb_image][\/et_pb_column][et_pb_column type=&#8220;1_6&#8243; _builder_version=&#8220;4.6.0&#8243; _module_preset=&#8220;default&#8220;][et_pb_image src=&#8220;https:\/\/www.complot-werbeteam.de\/content\/wp-content\/uploads\/2020\/09\/Complot-B800xH800-HomeFeatured-Friedrichsbau.jpg&#8220; title_text=&#8220;Complot-B800xH800-HomeFeatured-Friedrichsbau&#8220; show_in_lightbox=&#8220;on&#8220; _builder_version=&#8220;4.6.0&#8243; _module_preset=&#8220;default&#8220; border_width_all=&#8220;2px&#8220; border_color_all=&#8220;#ffffff&#8220; filter_sepia__hover=&#8220;0%&#8220; filter_sepia__hover_enabled=&#8220;on|desktop&#8220; filter_brightness__hover=&#8220;100%&#8220; filter_brightness__hover_enabled=&#8220;on|desktop&#8220; filter_saturate__hover_enabled=&#8220;on|desktop&#8220; filter_opacity=&#8220;40%&#8220; filter_opacity__hover=&#8220;100%&#8220; filter_opacity__hover_enabled=&#8220;on|hover&#8220; filter_blur=&#8220;1px&#8220; filter_blur__hover=&#8220;0px&#8220; filter_blur__hover_enabled=&#8220;on|desktop&#8220; transform_scale__hover_enabled=&#8220;off|hover&#8220; transform_translate__hover_enabled=&#8220;off|hover&#8220; transform_rotate__hover_enabled=&#8220;off|hover&#8220; transform_skew__hover_enabled=&#8220;off|hover&#8220; transform_origin__hover_enabled=&#8220;off|hover&#8220;][\/et_pb_image][\/et_pb_column][et_pb_column type=&#8220;1_6&#8243; _builder_version=&#8220;4.6.0&#8243; _module_preset=&#8220;default&#8220;][et_pb_image src=&#8220;https:\/\/www.complot-werbeteam.de\/content\/wp-content\/uploads\/2020\/09\/Complot-B800xH800-HomeFeatured-Dreisamtal.jpg&#8220; title_text=&#8220;Complot-B800xH800-HomeFeatured-Dreisamtal&#8220; show_in_lightbox=&#8220;on&#8220; admin_label=&#8220;Bild&#8220; _builder_version=&#8220;4.6.0&#8243; _module_preset=&#8220;default&#8220; border_width_all=&#8220;2px&#8220; border_color_all=&#8220;#ffffff&#8220; filter_sepia__hover=&#8220;0%&#8220; filter_sepia__hover_enabled=&#8220;on|desktop&#8220; filter_brightness__hover=&#8220;100%&#8220; filter_brightness__hover_enabled=&#8220;on|desktop&#8220; filter_saturate__hover_enabled=&#8220;on|desktop&#8220; filter_opacity=&#8220;40%&#8220; filter_opacity__hover=&#8220;100%&#8220; filter_opacity__hover_enabled=&#8220;on|hover&#8220; filter_blur=&#8220;1px&#8220; filter_blur__hover=&#8220;0px&#8220; filter_blur__hover_enabled=&#8220;on|desktop&#8220; transform_scale__hover_enabled=&#8220;off|hover&#8220; transform_translate__hover_enabled=&#8220;off|hover&#8220; transform_rotate__hover_enabled=&#8220;off|hover&#8220; transform_skew__hover_enabled=&#8220;off|hover&#8220; transform_origin__hover_enabled=&#8220;off|hover&#8220;][\/et_pb_image][\/et_pb_column][et_pb_column type=&#8220;1_6&#8243; _builder_version=&#8220;4.6.0&#8243; _module_preset=&#8220;default&#8220;][et_pb_image src=&#8220;https:\/\/www.complot-werbeteam.de\/content\/wp-content\/uploads\/2020\/08\/complot-logo-600&#215;600-1.png&#8220; title_text=&#8220;complot-logo-600&#215;600&#8243; _builder_version=&#8220;4.6.0&#8243; _module_preset=&#8220;default&#8220;][\/et_pb_image][\/et_pb_column][et_pb_column type=&#8220;1_6&#8243; _builder_version=&#8220;4.6.0&#8243; _module_preset=&#8220;default&#8220;][et_pb_image src=&#8220;https:\/\/www.complot-werbeteam.de\/content\/wp-content\/uploads\/2020\/09\/Complot-B800xH800-HomeFeatured-LKW-Schwab.jpg&#8220; title_text=&#8220;Complot-B800xH800-HomeFeatured-LKW-Schwab&#8220; show_in_lightbox=&#8220;on&#8220; admin_label=&#8220;Bild&#8220; _builder_version=&#8220;4.6.0&#8243; _module_preset=&#8220;default&#8220; border_width_all=&#8220;2px&#8220; border_color_all=&#8220;#ffffff&#8220; filter_sepia__hover=&#8220;0%&#8220; filter_sepia__hover_enabled=&#8220;on|desktop&#8220; filter_brightness__hover=&#8220;100%&#8220; filter_brightness__hover_enabled=&#8220;on|desktop&#8220; filter_saturate__hover_enabled=&#8220;on|desktop&#8220; filter_opacity=&#8220;40%&#8220; filter_opacity__hover=&#8220;100%&#8220; filter_opacity__hover_enabled=&#8220;on|hover&#8220; filter_blur=&#8220;1px&#8220; filter_blur__hover=&#8220;0px&#8220; filter_blur__hover_enabled=&#8220;on|desktop&#8220; transform_scale__hover_enabled=&#8220;off|hover&#8220; transform_translate__hover_enabled=&#8220;off|hover&#8220; transform_rotate__hover_enabled=&#8220;off|hover&#8220; transform_skew__hover_enabled=&#8220;off|hover&#8220; transform_origin__hover_enabled=&#8220;off|hover&#8220;][\/et_pb_image][\/et_pb_column][\/et_pb_row][\/et_pb_section]<\/p>\n","protected":false},"excerpt":{"rendered":"<p>COMPLOT WERBETEAM &#8230; beschriftet \u2013 druckt \u2013 gestaltet.Complot Werbeteam: Ihr Spezialist rund um das Thema Werbetechnik. Sie m\u00f6chten Ihr Unternehmen ins richtige Licht r\u00fccken, ein Event oder den Messestand ausstatten, Ihr neues Produkt bewerben oder einfach nur \u00fcber die \u00d6ffnungszeiten Ihrer Praxis informieren?Bei uns sind Sie genau richtig! Wir beraten und unterst\u00fctzen Sie bei der [&hellip;]<\/p>\n","protected":false},"author":1,"featured_media":0,"parent":0,"menu_order":0,"comment_status":"closed","ping_status":"closed","template":"","meta":{"_et_pb_use_builder":"on","_et_pb_old_content":"","_et_gb_content_width":"","footnotes":""},"class_list":["post-15","page","type-page","status-publish","hentry"],"_links":{"self":[{"href":"https:\/\/www.complot-werbeteam.de\/content\/wp-json\/wp\/v2\/pages\/15","targetHints":{"allow":["GET"]}}],"collection":[{"href":"https:\/\/www.complot-werbeteam.de\/content\/wp-json\/wp\/v2\/pages"}],"about":[{"href":"https:\/\/www.complot-werbeteam.de\/content\/wp-json\/wp\/v2\/types\/page"}],"author":[{"embeddable":true,"href":"https:\/\/www.complot-werbeteam.de\/content\/wp-json\/wp\/v2\/users\/1"}],"replies":[{"embeddable":true,"href":"https:\/\/www.complot-werbeteam.de\/content\/wp-json\/wp\/v2\/comments?post=15"}],"version-history":[{"count":0,"href":"https:\/\/www.complot-werbeteam.de\/content\/wp-json\/wp\/v2\/pages\/15\/revisions"}],"wp:attachment":[{"href":"https:\/\/www.complot-werbeteam.de\/content\/wp-json\/wp\/v2\/media?parent=15"}],"curies":[{"name":"wp","href":"https:\/\/api.w.org\/{rel}","templated":true}]}}